{"id":170,"date":"2021-03-14T13:14:19","date_gmt":"2021-03-14T12:14:19","guid":{"rendered":"http:\/\/elisabethkoval.at\/?page_id=170"},"modified":"2021-03-30T02:03:29","modified_gmt":"2021-03-30T00:03:29","slug":"machen-sie-sich-das-leben-leichter","status":"publish","type":"page","link":"https:\/\/elisabethkoval.at\/","title":{"rendered":"I tua wos I w\u00fc."},"content":{"rendered":"\n<figure class=\"wp-block-image size-large is-style-default\"><img loading=\"lazy\" decoding=\"async\" width=\"2560\" height=\"1708\" src=\"https:\/\/elisabethkoval.at\/wp-content\/uploads\/2021\/03\/CHF_20210226_115644b-edited-2-scaled.jpg\" alt=\"\" class=\"wp-image-258\" srcset=\"https:\/\/elisabethkoval.at\/wp-content\/uploads\/2021\/03\/CHF_20210226_115644b-edited-2-scaled.jpg 2560w, https:\/\/elisabethkoval.at\/wp-content\/uploads\/2021\/03\/CHF_20210226_115644b-edited-2-300x200.jpg 300w, https:\/\/elisabethkoval.at\/wp-content\/uploads\/2021\/03\/CHF_20210226_115644b-edited-2-1024x683.jpg 1024w, https:\/\/elisabethkoval.at\/wp-content\/uploads\/2021\/03\/CHF_20210226_115644b-edited-2-768x512.jpg 768w, https:\/\/elisabethkoval.at\/wp-content\/uploads\/2021\/03\/CHF_20210226_115644b-edited-2-1536x1025.jpg 1536w, https:\/\/elisabethkoval.at\/wp-content\/uploads\/2021\/03\/CHF_20210226_115644b-edited-2-2048x1366.jpg 2048w\" sizes=\"auto, (max-width: 2560px) 100vw, 2560px\" \/><\/figure>\n\n\n\n<p><strong>Elisabeth Koval<\/strong><br>Jahrgang 1980<\/p>\n\n\n\n<p>Studium Musikerziehung und Instrumentalmusikerziehung<br>(Violine und Gesang) bzw. Instrumentalp\u00e4dagogik Blockfl\u00f6te <br>an der Musikuniversit\u00e4t Graz und Studium Jazzgeige Klagenfurt.<\/p>\n\n\n\n<p>Arbeit mit diversen Musikgruppen. <br>Die Bandbreite reicht von heimischer Volksmusik (<em>Die Steirische Streich<\/em> oder <br><em>Kobenzer Streich<\/em>) \u00fcber Weltmusik \u2013 mit der eigenen Band <em>crossfiedler<\/em> \u2013 <br>bis zu internationalem Indie Pop (Gastmusikerin bei <em>Get Well Soon<\/em> oder <em>Dear Reader<\/em>). <br>Weitere Gastauftritte bei z.B. der Formation <em><a href=\"http:\/\/spafudla.at\" target=\"_blank\" rel=\"noreferrer noopener\">Spafudla<\/a><\/em> oder in zwei Spielzeiten  <br>am Schauspielhaus Graz bei der Produktion \u201e<em>Einen Jux will er sich machen<\/em>\u201c  (2018\u20132020).<\/p>\n","protected":false},"excerpt":{"rendered":"<p>Elisabeth KovalJahrgang 1980 Studium Musikerziehung und Instrumentalmusikerziehung(Violine und Gesang) bzw. Instrumentalp\u00e4dagogik Blockfl\u00f6te an der Musikuniversit\u00e4t Graz und Studium Jazzgeige Klagenfurt. Arbeit mit diversen Musikgruppen. Die&hellip;<\/p>\n","protected":false},"author":2,"featured_media":0,"parent":0,"menu_order":0,"comment_status":"closed","ping_status":"closed","template":"","meta":{"footnotes":""},"class_list":["post-170","page","type-page","status-publish","hentry"],"_links":{"self":[{"href":"https:\/\/elisabethkoval.at\/index.php?rest_route=\/wp\/v2\/pages\/170","targetHints":{"allow":["GET"]}}],"collection":[{"href":"https:\/\/elisabethkoval.at\/index.php?rest_route=\/wp\/v2\/pages"}],"about":[{"href":"https:\/\/elisabethkoval.at\/index.php?rest_route=\/wp\/v2\/types\/page"}],"author":[{"embeddable":true,"href":"https:\/\/elisabethkoval.at\/index.php?rest_route=\/wp\/v2\/users\/2"}],"replies":[{"embeddable":true,"href":"https:\/\/elisabethkoval.at\/index.php?rest_route=%2Fwp%2Fv2%2Fcomments&post=170"}],"version-history":[{"count":10,"href":"https:\/\/elisabethkoval.at\/index.php?rest_route=\/wp\/v2\/pages\/170\/revisions"}],"predecessor-version":[{"id":659,"href":"https:\/\/elisabethkoval.at\/index.php?rest_route=\/wp\/v2\/pages\/170\/revisions\/659"}],"wp:attachment":[{"href":"https:\/\/elisabethkoval.at\/index.php?rest_route=%2Fwp%2Fv2%2Fmedia&parent=170"}],"curies":[{"name":"wp","href":"https:\/\/api.w.org\/{rel}","templated":true}]}}